{"id":1603,"date":"2025-05-19T15:57:40","date_gmt":"2025-05-19T13:57:40","guid":{"rendered":"https:\/\/clinicadentalcs.com\/accesibilidad\/"},"modified":"2025-12-02T12:10:51","modified_gmt":"2025-12-02T11:10:51","slug":"accesibilidad","status":"publish","type":"page","link":"https:\/\/clinicadentalcs.com\/es\/accesibilidad\/","title":{"rendered":"Accesibilidad"},"content":{"rendered":"\n<p>Declaraci\u00f3n Accesibilidad<\/p>\n\n<p id=\"accssme_392\">Cl\u00ednica Dental CS. Matar\u00f3 se ha comprometido a hacer accesible su sitio web de conformidad con el <a href=\"https:\/\/www.boe.es\/buscar\/act.php?id=BOE-A-2018-12699\">Real Decreto 1112\/2018, de 7 de septiembre, sobre accesibilidad de los sitios web y aplicaciones para dispositivos m\u00f3viles del sector p\u00fablico<\/a>. <\/p>\n\n<p id=\"accssme_394\">La presente declaraci\u00f3n de accesibilidad se aplica al sitio web <a href=\"https:\/\/www.clinicadentalcs.com\/\">https:\/\/www.clinicadentalcs.com\/<\/a> <\/p>\n\n<h2 class=\"wp-block-heading\" id=\"situacion-de-cumplimiento\">SITUACI\u00d3N DE CUMPLIMIENTO<\/h2>\n\n<p id=\"accssme_395\">Este sitio web es <strong>parcialmente conforme<\/strong> con el RD 1112\/2018 debido a las excepciones y a la falta de conformidad de los aspectos que se indican a continuaci\u00f3n.<\/p>\n\n<h2 class=\"wp-block-heading\" id=\"contenido-no-accesible\">CONTENIDO NO ACCESIBLE<\/h2>\n\n<p id=\"accssme_397\">El contenido que se recoge a continuaci\u00f3n no es accesible por lo siguiente:<\/p>\n\n<h3 class=\"wp-block-heading\" id=\"falta-de-conformidad-con-el-rd-1112-2018\">Falta de conformidad con el RD 1112\/2018<\/h3>\n\n<p id=\"accssme_398\">Podr\u00edan existir algunos aspectos de contraste que no cumplan los m\u00ednimos exigidos, 3:1, con respecto a los colores adyacentes del fondo de la secci\u00f3n de la web en cuesti\u00f3n. (Requisito n\u00famero 9.1.4.11 de UNE-EN 301549:2022) <\/p>\n\n<p id=\"accssme_399\">Podr\u00edan existir algunos elementos no textuales no etiquetados correctamente. (Requisito n\u00famero 9.2.5.3 de UNE-EN 301549:2022). <\/p>\n\n<p id=\"accssme_400\">Podr\u00edan existir errores de c\u00f3digo puntuales de edici\u00f3n en alguna p\u00e1gina web. (Requisito n\u00famero 9.4.1.1 de UNE-EN 301549:2022) <\/p>\n\n<p id=\"accssme_401\">Podr\u00edan existir logotipos e im\u00e1genes con texto alternativo incorrecto, as\u00ed como im\u00e1genes sin descripci\u00f3n textual (Requisito n\u00famero 9.1.1.1 de UNE-EN 301549:2022)<\/p>\n\n<p id=\"accssme_402\">Podr\u00edan existir enlaces cuya funci\u00f3n no est\u00e9 correctamente identificada (Requisito n\u00famero 9.2.4.4 de UNE-EN 301549:2022)<\/p>\n\n<p id=\"accssme_403\">Podr\u00edan existir en el contenido implementado mediante lenguajes de marcado elementos sin etiquetas de inicio y\/o finalizaci\u00f3n completas, elementos con atributos duplicados o sin identificador \u00fanico (Requisito n\u00famero 9.4.1.1 de UNE-EN 301549:2022)<\/p>\n\n<p id=\"accssme_404\">Podr\u00edan existir listas creadas de forma incorrecta, tablas con celdas etiquetadas incorrectamente o formularios sin etiquetas (Requisito n\u00famero 9.1.3.1 de UNE-EN 301549:2022)<\/p>\n\n<p id=\"accssme_405\">Podr\u00edan existir elementos que no reciben foco y\/o no son accesibles por teclado (Requisito n\u00famero 9.4.1.1 de UNE-EN 301549:2022)<\/p>\n\n<h3 class=\"wp-block-heading\" id=\"carga-desproporcionada\">Carga desproporcionada<\/h3>\n\n<p id=\"accssme_406\">No aplica.<\/p>\n\n<h3 class=\"wp-block-heading\" id=\"el-contenido-no-entra-dentro-del-ambito-de-la-legislacion-aplicable\">El contenido no entra dentro del \u00e1mbito de la legislaci\u00f3n aplicable<\/h3>\n\n<p id=\"accssme_407\">Podr\u00edan existir archivos ofim\u00e1ticos en PDF u otros formatos publicados antes del 20 de septiembre de 2018 que no cumplan en su totalidad todos los requisitos de accesibilidad. Aunque se ha procurado que la mayor\u00eda de ellos s\u00ed lo cumplan. <\/p>\n\n<h2 class=\"wp-block-heading\" id=\"preparacion-de-la-presente-declaracion-de-accesibilidad\">PREPARACI\u00d3N DE LA PRESENTE DECLARACI\u00d3N DE ACCESIBILIDAD<\/h2>\n\n<p id=\"accssme_408\">La presente declaraci\u00f3n fue preparada el 15 de mayo de 2024.<\/p>\n\n<p id=\"accssme_409\">El m\u00e9todo empleado para preparar la declaraci\u00f3n ha sido una autoevaluaci\u00f3n llevada a cabo por la propia entidad.<\/p>\n\n<p id=\"accssme_410\">\u00daltima revisi\u00f3n de la declaraci\u00f3n: 15 de mayo de 2024.<\/p>\n\n<h2 class=\"wp-block-heading\" id=\"observaciones-y-datos-de-contacto\">OBSERVACIONES Y DATOS DE CONTACTO<\/h2>\n\n<p id=\"accssme_411\">Puede realizar comunicaciones sobre requisitos de accesibilidad (art\u00edculo 10.2.a del RD 1112\/2018) a trav\u00e9s de la siguiente direcci\u00f3n de correo electr\u00f3nico:<\/p>\n\n<p id=\"accssme_412\"><a href=\"mailto:in**@*****************ia.com\" target=\"_blank\" rel=\"noreferrer noopener\">info@clinicadentalcs.com<\/a><\/p>\n\n<p id=\"accssme_414\">Por ejemplo:<\/p>\n\n<ul id=\"accssme_415\" class=\"wp-block-list\">\n<li>Informar sobre cualquier posible incumplimiento por parte de este sitio web.<\/li>\n\n\n\n<li>Transmitir otras dificultades de acceso al contenido.<\/li>\n\n\n\n<li>Formular cualquier otra consulta o sugerencia de mejora relativa a la accesibilidad del sitio web.<\/li>\n<\/ul>\n\n<p id=\"accssme_419\">Tambi\u00e9n puede presentar:<\/p>\n\n<ul id=\"accssme_420\" class=\"wp-block-list\">\n<li>Queja relativa al cumplimiento de los requisitos del RD 1112\/2018<\/li>\n\n\n\n<li>Solicitud de Informaci\u00f3n accesible relativa a:\n<ul class=\"wp-block-list\">\n<li>Contenidos que est\u00e1n excluidos del \u00e1mbito de aplicaci\u00f3n del RD 1112\/2018 seg\u00fan lo establecido por el art\u00edculo 3, apartado 4.<\/li>\n\n\n\n<li>Contenidos que est\u00e1n exentos del cumplimiento de los requisitos de accesibilidad por imponer una carga desproporcionada.<\/li>\n<\/ul>\n<\/li>\n<\/ul>\n\n<p id=\"accssme_426\">En la Solicitud de informaci\u00f3n accesible, se debe concretar, con toda claridad, los hechos, razones y petici\u00f3n que permitan constatar que se trata de una solicitud razonable y leg\u00edtima.<\/p>\n\n<p id=\"accssme_427\">Las quejas y reclamaciones sobre informaci\u00f3n accesible se realizar\u00e1n a trav\u00e9s de la siguiente direcci\u00f3n de correo electr\u00f3nico:<\/p>\n\n<p id=\"accssme_428\"><a href=\"mailto:in**@*****************ia.com\" target=\"_blank\" rel=\"noreferrer noopener\">info@clinicadentalcs.com<\/a> <\/p>\n\n<h2 class=\"wp-block-heading\" id=\"contenido-opcional\">CONTENIDO OPCIONAL<\/h2>\n\n<p id=\"accssme_430\">Este sitio web est\u00e1 dise\u00f1ado para su visualizaci\u00f3n responsiva, de modo que pueda visualizarse correctamente en dispositivos como tabletas electr\u00f3nicas y dispositivos m\u00f3viles.<\/p>\n\n<p id=\"accssme_431\">Asimismo, est\u00e1 dise\u00f1ado para poder cambiar el tama\u00f1o del texto mediante los men\u00fas definidos para ello seg\u00fan el navegador utilizado.  <\/p>\n\n<p id=\"accssme_432\">Tambi\u00e9n puede realizarse mediante los siguientes atajos de teclado, presionando ambas teclas al mismo tiempo:<\/p>\n\n<ul id=\"accssme_433\" class=\"wp-block-list\">\n<li>Ctrl + : aumentarlo.<\/li>\n\n\n\n<li>Ctrl \u2013 : disminuirlo.<\/li>\n\n\n\n<li>Ctrl 0 : restaurar tama\u00f1o original.<\/li>\n<\/ul>\n\n<p>Del mismo modo, si un usuario no dispone de rat\u00f3n podr\u00e1 moverse por los distintos elementos de la p\u00e1gina que visita a trav\u00e9s del teclado, mediante la tecla de tabulaci\u00f3n.<\/p>\n","protected":false},"excerpt":{"rendered":"<p>Declaraci\u00f3n Accesibilidad Cl\u00ednica Dental CS. Matar\u00f3 se ha comprometido a hacer accesible su sitio web de conformidad con el Real Decreto 1112\/2018, de 7 de septiembre, sobre accesibilidad de los sitios web y aplicaciones para dispositivos m\u00f3viles del sector p\u00fablico. La presente declaraci\u00f3n de accesibilidad se aplica al sitio web https:\/\/www.clinicadentalcs.com\/ SITUACI\u00d3N DE CUMPLIMIENTO Este sitio web es parcialmente conforme con el RD 1112\/2018 debido a las excepciones y a la falta de conformidad de los aspectos que se indican a continuaci\u00f3n. CONTENIDO NO ACCESIBLE El contenido que se recoge a continuaci\u00f3n no es accesible por lo siguiente: Falta de conformidad con el RD 1112\/2018 Podr\u00edan existir algunos aspectos de contraste que no cumplan los m\u00ednimos exigidos, 3:1, con respecto a los colores adyacentes del fondo de la secci\u00f3n de la web en cuesti\u00f3n. (Requisito n\u00famero 9.1.4.11 de UNE-EN 301549:2022) Podr\u00edan existir algunos elementos no textuales no etiquetados correctamente. (Requisito n\u00famero 9.2.5.3 de UNE-EN 301549:2022). Podr\u00edan existir errores de c\u00f3digo puntuales de edici\u00f3n en alguna p\u00e1gina web. (Requisito n\u00famero 9.4.1.1 de UNE-EN 301549:2022) Podr\u00edan existir logotipos e im\u00e1genes con texto alternativo incorrecto, as\u00ed como im\u00e1genes sin descripci\u00f3n textual (Requisito n\u00famero 9.1.1.1 de UNE-EN 301549:2022) Podr\u00edan existir enlaces cuya funci\u00f3n no est\u00e9 correctamente identificada (Requisito n\u00famero 9.2.4.4 de UNE-EN 301549:2022) Podr\u00edan existir en el contenido implementado mediante lenguajes de marcado elementos sin etiquetas de inicio y\/o finalizaci\u00f3n completas, elementos con atributos duplicados o sin identificador \u00fanico (Requisito n\u00famero 9.4.1.1 de UNE-EN 301549:2022) Podr\u00edan existir listas creadas de forma incorrecta, tablas con celdas etiquetadas incorrectamente o formularios sin etiquetas (Requisito n\u00famero 9.1.3.1 de UNE-EN 301549:2022) Podr\u00edan existir elementos que no reciben foco y\/o no son accesibles por teclado (Requisito n\u00famero 9.4.1.1 de UNE-EN 301549:2022) Carga desproporcionada No aplica. El contenido no entra dentro del \u00e1mbito de la legislaci\u00f3n aplicable Podr\u00edan existir archivos ofim\u00e1ticos en PDF u otros formatos publicados antes del 20 de septiembre de 2018 que no cumplan en su totalidad todos los requisitos de accesibilidad. Aunque se ha procurado que la mayor\u00eda de ellos s\u00ed lo cumplan. PREPARACI\u00d3N DE LA PRESENTE DECLARACI\u00d3N DE ACCESIBILIDAD La presente declaraci\u00f3n fue preparada el 15 de mayo de 2024. El m\u00e9todo empleado para preparar la declaraci\u00f3n ha sido una autoevaluaci\u00f3n llevada a cabo por la propia entidad. \u00daltima revisi\u00f3n de la declaraci\u00f3n: 15 de mayo de 2024. OBSERVACIONES Y DATOS DE CONTACTO Puede realizar comunicaciones sobre requisitos de accesibilidad (art\u00edculo 10.2.a del RD 1112\/2018) a trav\u00e9s de la siguiente direcci\u00f3n de correo electr\u00f3nico: info@clinicadentalcs.com Por ejemplo: Tambi\u00e9n puede presentar: En la Solicitud de informaci\u00f3n accesible, se debe concretar, con toda claridad, los hechos, razones y petici\u00f3n que permitan constatar que se trata de una solicitud razonable y leg\u00edtima. Las quejas y reclamaciones sobre informaci\u00f3n accesible se realizar\u00e1n a trav\u00e9s de la siguiente direcci\u00f3n de correo electr\u00f3nico: info@clinicadentalcs.com CONTENIDO OPCIONAL Este sitio web est\u00e1 dise\u00f1ado para su visualizaci\u00f3n responsiva, de modo que pueda visualizarse correctamente en dispositivos como tabletas electr\u00f3nicas y dispositivos m\u00f3viles. Asimismo, est\u00e1 dise\u00f1ado para poder cambiar el tama\u00f1o del texto mediante los men\u00fas definidos para ello seg\u00fan el navegador utilizado. Tambi\u00e9n puede realizarse mediante los siguientes atajos de teclado, presionando ambas teclas al mismo tiempo: Del mismo modo, si un usuario no dispone de rat\u00f3n podr\u00e1 moverse por los distintos elementos de la p\u00e1gina que visita a trav\u00e9s del teclado, mediante la tecla de tabulaci\u00f3n.<\/p>\n","protected":false},"author":1,"featured_media":0,"parent":0,"menu_order":0,"comment_status":"closed","ping_status":"closed","template":"","meta":{"_joinchat":[],"footnotes":""},"class_list":["post-1603","page","type-page","status-publish","hentry"],"yoast_head":"<!-- This site is optimized with the Yoast SEO plugin v27.3 - https:\/\/yoast.com\/product\/yoast-seo-wordpress\/ -->\n<title>Accesibilidad - Clinica Dental CS - Matar\u00f3<\/title>\n<meta name=\"robots\" content=\"index, follow, max-snippet:-1, max-image-preview:large, max-video-preview:-1\" \/>\n<link rel=\"canonical\" href=\"https:\/\/clinicadentalcs.com\/es\/accesibilidad\/\" \/>\n<meta property=\"og:locale\" content=\"es_ES\" \/>\n<meta property=\"og:type\" content=\"article\" \/>\n<meta property=\"og:title\" content=\"Accesibilidad - Clinica Dental CS - Matar\u00f3\" \/>\n<meta property=\"og:description\" content=\"Declaraci\u00f3n Accesibilidad Cl\u00ednica Dental CS. Matar\u00f3 se ha comprometido a hacer accesible su sitio web de conformidad con el Real Decreto 1112\/2018, de 7 de septiembre, sobre accesibilidad de los sitios web y aplicaciones para dispositivos m\u00f3viles del sector p\u00fablico. La presente declaraci\u00f3n de accesibilidad se aplica al sitio web https:\/\/www.clinicadentalcs.com\/ SITUACI\u00d3N DE CUMPLIMIENTO Este sitio web es parcialmente conforme con el RD 1112\/2018 debido a las excepciones y a la falta de conformidad de los aspectos que se indican a continuaci\u00f3n. CONTENIDO NO ACCESIBLE El contenido que se recoge a continuaci\u00f3n no es accesible por lo siguiente: Falta de conformidad con el RD 1112\/2018 Podr\u00edan existir algunos aspectos de contraste que no cumplan los m\u00ednimos exigidos, 3:1, con respecto a los colores adyacentes del fondo de la secci\u00f3n de la web en cuesti\u00f3n. (Requisito n\u00famero 9.1.4.11 de UNE-EN 301549:2022) Podr\u00edan existir algunos elementos no textuales no etiquetados correctamente. (Requisito n\u00famero 9.2.5.3 de UNE-EN 301549:2022). Podr\u00edan existir errores de c\u00f3digo puntuales de edici\u00f3n en alguna p\u00e1gina web. (Requisito n\u00famero 9.4.1.1 de UNE-EN 301549:2022) Podr\u00edan existir logotipos e im\u00e1genes con texto alternativo incorrecto, as\u00ed como im\u00e1genes sin descripci\u00f3n textual (Requisito n\u00famero 9.1.1.1 de UNE-EN 301549:2022) Podr\u00edan existir enlaces cuya funci\u00f3n no est\u00e9 correctamente identificada (Requisito n\u00famero 9.2.4.4 de UNE-EN 301549:2022) Podr\u00edan existir en el contenido implementado mediante lenguajes de marcado elementos sin etiquetas de inicio y\/o finalizaci\u00f3n completas, elementos con atributos duplicados o sin identificador \u00fanico (Requisito n\u00famero 9.4.1.1 de UNE-EN 301549:2022) Podr\u00edan existir listas creadas de forma incorrecta, tablas con celdas etiquetadas incorrectamente o formularios sin etiquetas (Requisito n\u00famero 9.1.3.1 de UNE-EN 301549:2022) Podr\u00edan existir elementos que no reciben foco y\/o no son accesibles por teclado (Requisito n\u00famero 9.4.1.1 de UNE-EN 301549:2022) Carga desproporcionada No aplica. El contenido no entra dentro del \u00e1mbito de la legislaci\u00f3n aplicable Podr\u00edan existir archivos ofim\u00e1ticos en PDF u otros formatos publicados antes del 20 de septiembre de 2018 que no cumplan en su totalidad todos los requisitos de accesibilidad. Aunque se ha procurado que la mayor\u00eda de ellos s\u00ed lo cumplan. PREPARACI\u00d3N DE LA PRESENTE DECLARACI\u00d3N DE ACCESIBILIDAD La presente declaraci\u00f3n fue preparada el 15 de mayo de 2024. El m\u00e9todo empleado para preparar la declaraci\u00f3n ha sido una autoevaluaci\u00f3n llevada a cabo por la propia entidad. \u00daltima revisi\u00f3n de la declaraci\u00f3n: 15 de mayo de 2024. OBSERVACIONES Y DATOS DE CONTACTO Puede realizar comunicaciones sobre requisitos de accesibilidad (art\u00edculo 10.2.a del RD 1112\/2018) a trav\u00e9s de la siguiente direcci\u00f3n de correo electr\u00f3nico: info@clinicadentalcs.com Por ejemplo: Tambi\u00e9n puede presentar: En la Solicitud de informaci\u00f3n accesible, se debe concretar, con toda claridad, los hechos, razones y petici\u00f3n que permitan constatar que se trata de una solicitud razonable y leg\u00edtima. Las quejas y reclamaciones sobre informaci\u00f3n accesible se realizar\u00e1n a trav\u00e9s de la siguiente direcci\u00f3n de correo electr\u00f3nico: info@clinicadentalcs.com CONTENIDO OPCIONAL Este sitio web est\u00e1 dise\u00f1ado para su visualizaci\u00f3n responsiva, de modo que pueda visualizarse correctamente en dispositivos como tabletas electr\u00f3nicas y dispositivos m\u00f3viles. Asimismo, est\u00e1 dise\u00f1ado para poder cambiar el tama\u00f1o del texto mediante los men\u00fas definidos para ello seg\u00fan el navegador utilizado. Tambi\u00e9n puede realizarse mediante los siguientes atajos de teclado, presionando ambas teclas al mismo tiempo: Del mismo modo, si un usuario no dispone de rat\u00f3n podr\u00e1 moverse por los distintos elementos de la p\u00e1gina que visita a trav\u00e9s del teclado, mediante la tecla de tabulaci\u00f3n.\" \/>\n<meta property=\"og:url\" content=\"https:\/\/clinicadentalcs.com\/es\/accesibilidad\/\" \/>\n<meta property=\"og:site_name\" content=\"Clinica Dental CS - Matar\u00f3\" \/>\n<meta property=\"article:modified_time\" content=\"2025-12-02T11:10:51+00:00\" \/>\n<meta name=\"twitter:card\" content=\"summary_large_image\" \/>\n<meta name=\"twitter:label1\" content=\"Tiempo de lectura\" \/>\n\t<meta name=\"twitter:data1\" content=\"4 minutos\" \/>\n<script type=\"application\/ld+json\" class=\"yoast-schema-graph\">{\"@context\":\"https:\\\/\\\/schema.org\",\"@graph\":[{\"@type\":\"WebPage\",\"@id\":\"https:\\\/\\\/clinicadentalcs.com\\\/es\\\/accesibilidad\\\/\",\"url\":\"https:\\\/\\\/clinicadentalcs.com\\\/es\\\/accesibilidad\\\/\",\"name\":\"Accesibilidad - Clinica Dental CS - Matar\u00f3\",\"isPartOf\":{\"@id\":\"https:\\\/\\\/clinicadentalcs.com\\\/#website\"},\"datePublished\":\"2025-05-19T13:57:40+00:00\",\"dateModified\":\"2025-12-02T11:10:51+00:00\",\"breadcrumb\":{\"@id\":\"https:\\\/\\\/clinicadentalcs.com\\\/es\\\/accesibilidad\\\/#breadcrumb\"},\"inLanguage\":\"es\",\"potentialAction\":[{\"@type\":\"ReadAction\",\"target\":[\"https:\\\/\\\/clinicadentalcs.com\\\/es\\\/accesibilidad\\\/\"]}]},{\"@type\":\"BreadcrumbList\",\"@id\":\"https:\\\/\\\/clinicadentalcs.com\\\/es\\\/accesibilidad\\\/#breadcrumb\",\"itemListElement\":[{\"@type\":\"ListItem\",\"position\":1,\"name\":\"Portada\",\"item\":\"https:\\\/\\\/clinicadentalcs.com\\\/es\\\/\"},{\"@type\":\"ListItem\",\"position\":2,\"name\":\"Accesibilidad\"}]},{\"@type\":\"WebSite\",\"@id\":\"https:\\\/\\\/clinicadentalcs.com\\\/#website\",\"url\":\"https:\\\/\\\/clinicadentalcs.com\\\/\",\"name\":\"Clinica Dental CS - Matar\u00f3\",\"description\":\"Compromesos amb el teu somriure\",\"potentialAction\":[{\"@type\":\"SearchAction\",\"target\":{\"@type\":\"EntryPoint\",\"urlTemplate\":\"https:\\\/\\\/clinicadentalcs.com\\\/?s={search_term_string}\"},\"query-input\":{\"@type\":\"PropertyValueSpecification\",\"valueRequired\":true,\"valueName\":\"search_term_string\"}}],\"inLanguage\":\"es\"}]}<\/script>\n<!-- \/ Yoast SEO plugin. -->","yoast_head_json":{"title":"Accesibilidad - Clinica Dental CS - Matar\u00f3","robots":{"index":"index","follow":"follow","max-snippet":"max-snippet:-1","max-image-preview":"max-image-preview:large","max-video-preview":"max-video-preview:-1"},"canonical":"https:\/\/clinicadentalcs.com\/es\/accesibilidad\/","og_locale":"es_ES","og_type":"article","og_title":"Accesibilidad - Clinica Dental CS - Matar\u00f3","og_description":"Declaraci\u00f3n Accesibilidad Cl\u00ednica Dental CS. Matar\u00f3 se ha comprometido a hacer accesible su sitio web de conformidad con el Real Decreto 1112\/2018, de 7 de septiembre, sobre accesibilidad de los sitios web y aplicaciones para dispositivos m\u00f3viles del sector p\u00fablico. La presente declaraci\u00f3n de accesibilidad se aplica al sitio web https:\/\/www.clinicadentalcs.com\/ SITUACI\u00d3N DE CUMPLIMIENTO Este sitio web es parcialmente conforme con el RD 1112\/2018 debido a las excepciones y a la falta de conformidad de los aspectos que se indican a continuaci\u00f3n. CONTENIDO NO ACCESIBLE El contenido que se recoge a continuaci\u00f3n no es accesible por lo siguiente: Falta de conformidad con el RD 1112\/2018 Podr\u00edan existir algunos aspectos de contraste que no cumplan los m\u00ednimos exigidos, 3:1, con respecto a los colores adyacentes del fondo de la secci\u00f3n de la web en cuesti\u00f3n. (Requisito n\u00famero 9.1.4.11 de UNE-EN 301549:2022) Podr\u00edan existir algunos elementos no textuales no etiquetados correctamente. (Requisito n\u00famero 9.2.5.3 de UNE-EN 301549:2022). Podr\u00edan existir errores de c\u00f3digo puntuales de edici\u00f3n en alguna p\u00e1gina web. (Requisito n\u00famero 9.4.1.1 de UNE-EN 301549:2022) Podr\u00edan existir logotipos e im\u00e1genes con texto alternativo incorrecto, as\u00ed como im\u00e1genes sin descripci\u00f3n textual (Requisito n\u00famero 9.1.1.1 de UNE-EN 301549:2022) Podr\u00edan existir enlaces cuya funci\u00f3n no est\u00e9 correctamente identificada (Requisito n\u00famero 9.2.4.4 de UNE-EN 301549:2022) Podr\u00edan existir en el contenido implementado mediante lenguajes de marcado elementos sin etiquetas de inicio y\/o finalizaci\u00f3n completas, elementos con atributos duplicados o sin identificador \u00fanico (Requisito n\u00famero 9.4.1.1 de UNE-EN 301549:2022) Podr\u00edan existir listas creadas de forma incorrecta, tablas con celdas etiquetadas incorrectamente o formularios sin etiquetas (Requisito n\u00famero 9.1.3.1 de UNE-EN 301549:2022) Podr\u00edan existir elementos que no reciben foco y\/o no son accesibles por teclado (Requisito n\u00famero 9.4.1.1 de UNE-EN 301549:2022) Carga desproporcionada No aplica. El contenido no entra dentro del \u00e1mbito de la legislaci\u00f3n aplicable Podr\u00edan existir archivos ofim\u00e1ticos en PDF u otros formatos publicados antes del 20 de septiembre de 2018 que no cumplan en su totalidad todos los requisitos de accesibilidad. Aunque se ha procurado que la mayor\u00eda de ellos s\u00ed lo cumplan. PREPARACI\u00d3N DE LA PRESENTE DECLARACI\u00d3N DE ACCESIBILIDAD La presente declaraci\u00f3n fue preparada el 15 de mayo de 2024. El m\u00e9todo empleado para preparar la declaraci\u00f3n ha sido una autoevaluaci\u00f3n llevada a cabo por la propia entidad. \u00daltima revisi\u00f3n de la declaraci\u00f3n: 15 de mayo de 2024. OBSERVACIONES Y DATOS DE CONTACTO Puede realizar comunicaciones sobre requisitos de accesibilidad (art\u00edculo 10.2.a del RD 1112\/2018) a trav\u00e9s de la siguiente direcci\u00f3n de correo electr\u00f3nico: info@clinicadentalcs.com Por ejemplo: Tambi\u00e9n puede presentar: En la Solicitud de informaci\u00f3n accesible, se debe concretar, con toda claridad, los hechos, razones y petici\u00f3n que permitan constatar que se trata de una solicitud razonable y leg\u00edtima. Las quejas y reclamaciones sobre informaci\u00f3n accesible se realizar\u00e1n a trav\u00e9s de la siguiente direcci\u00f3n de correo electr\u00f3nico: info@clinicadentalcs.com CONTENIDO OPCIONAL Este sitio web est\u00e1 dise\u00f1ado para su visualizaci\u00f3n responsiva, de modo que pueda visualizarse correctamente en dispositivos como tabletas electr\u00f3nicas y dispositivos m\u00f3viles. Asimismo, est\u00e1 dise\u00f1ado para poder cambiar el tama\u00f1o del texto mediante los men\u00fas definidos para ello seg\u00fan el navegador utilizado. Tambi\u00e9n puede realizarse mediante los siguientes atajos de teclado, presionando ambas teclas al mismo tiempo: Del mismo modo, si un usuario no dispone de rat\u00f3n podr\u00e1 moverse por los distintos elementos de la p\u00e1gina que visita a trav\u00e9s del teclado, mediante la tecla de tabulaci\u00f3n.","og_url":"https:\/\/clinicadentalcs.com\/es\/accesibilidad\/","og_site_name":"Clinica Dental CS - Matar\u00f3","article_modified_time":"2025-12-02T11:10:51+00:00","twitter_card":"summary_large_image","twitter_misc":{"Tiempo de lectura":"4 minutos"},"schema":{"@context":"https:\/\/schema.org","@graph":[{"@type":"WebPage","@id":"https:\/\/clinicadentalcs.com\/es\/accesibilidad\/","url":"https:\/\/clinicadentalcs.com\/es\/accesibilidad\/","name":"Accesibilidad - Clinica Dental CS - Matar\u00f3","isPartOf":{"@id":"https:\/\/clinicadentalcs.com\/#website"},"datePublished":"2025-05-19T13:57:40+00:00","dateModified":"2025-12-02T11:10:51+00:00","breadcrumb":{"@id":"https:\/\/clinicadentalcs.com\/es\/accesibilidad\/#breadcrumb"},"inLanguage":"es","potentialAction":[{"@type":"ReadAction","target":["https:\/\/clinicadentalcs.com\/es\/accesibilidad\/"]}]},{"@type":"BreadcrumbList","@id":"https:\/\/clinicadentalcs.com\/es\/accesibilidad\/#breadcrumb","itemListElement":[{"@type":"ListItem","position":1,"name":"Portada","item":"https:\/\/clinicadentalcs.com\/es\/"},{"@type":"ListItem","position":2,"name":"Accesibilidad"}]},{"@type":"WebSite","@id":"https:\/\/clinicadentalcs.com\/#website","url":"https:\/\/clinicadentalcs.com\/","name":"Clinica Dental CS - Matar\u00f3","description":"Compromesos amb el teu somriure","potentialAction":[{"@type":"SearchAction","target":{"@type":"EntryPoint","urlTemplate":"https:\/\/clinicadentalcs.com\/?s={search_term_string}"},"query-input":{"@type":"PropertyValueSpecification","valueRequired":true,"valueName":"search_term_string"}}],"inLanguage":"es"}]}},"_links":{"self":[{"href":"https:\/\/clinicadentalcs.com\/es\/wp-json\/wp\/v2\/pages\/1603","targetHints":{"allow":["GET"]}}],"collection":[{"href":"https:\/\/clinicadentalcs.com\/es\/wp-json\/wp\/v2\/pages"}],"about":[{"href":"https:\/\/clinicadentalcs.com\/es\/wp-json\/wp\/v2\/types\/page"}],"author":[{"embeddable":true,"href":"https:\/\/clinicadentalcs.com\/es\/wp-json\/wp\/v2\/users\/1"}],"replies":[{"embeddable":true,"href":"https:\/\/clinicadentalcs.com\/es\/wp-json\/wp\/v2\/comments?post=1603"}],"version-history":[{"count":1,"href":"https:\/\/clinicadentalcs.com\/es\/wp-json\/wp\/v2\/pages\/1603\/revisions"}],"predecessor-version":[{"id":1617,"href":"https:\/\/clinicadentalcs.com\/es\/wp-json\/wp\/v2\/pages\/1603\/revisions\/1617"}],"wp:attachment":[{"href":"https:\/\/clinicadentalcs.com\/es\/wp-json\/wp\/v2\/media?parent=1603"}],"curies":[{"name":"wp","href":"https:\/\/api.w.org\/{rel}","templated":true}]}}