{"id":1600,"date":"2025-05-19T15:55:51","date_gmt":"2025-05-19T13:55:51","guid":{"rendered":"https:\/\/clinicadentalcs.com\/aviso-legal\/"},"modified":"2025-12-02T12:10:51","modified_gmt":"2025-12-02T11:10:51","slug":"aviso-legal","status":"publish","type":"page","link":"https:\/\/clinicadentalcs.com\/es\/aviso-legal\/","title":{"rendered":"Aviso Legal"},"content":{"rendered":"\n<p>La presente p\u00e1gina web pertenece a Cl\u00ednica Dental CS. Matar\u00f3 con NIF\/CIF B64895626 y domicilio en Cami Ral, 157, 08301 Matar\u00f3, provincia de Barcelona en Espa\u00f1a, con correo electr\u00f3nico: <a href=\"mailto:info@clinicadentalcs.com\">info@clinicadentalcs.com<\/a> y tiene por objeto facilitar al p\u00fablico en general, las actividades que realiza, los servicios que presta y las caracter\u00edsticas de sus productos. <\/p>\n\n<p>Cl\u00ednica Dental CS. Matar\u00f3 se reserva la facultad de efectuar, en cualquier momento y sin previo aviso, modificaciones de la informaci\u00f3n contenida en su p\u00e1gina web o en la configuraci\u00f3n y presentaci\u00f3n de esta. <\/p>\n\n<p>Cl\u00ednica Dental CS. Matar\u00f3 no es responsable de consecuencia alguna, da\u00f1o o perjuicio que se deriven del acceso a esta p\u00e1gina web, uso de la informaci\u00f3n de la misma o por el acceso a otras materias en Internet a trav\u00e9s de las conexiones con \u00e9sta. <\/p>\n\n<p>Los derechos de propiedad intelectual sobre todos los elementos incluidos en esta p\u00e1gina web, tales como, y a t\u00edtulo no limitativo, fotograf\u00edas, dise\u00f1os, melod\u00edas, aplicaciones y otros, pertenecen en exclusiva a Cl\u00ednica Dental CS. Matar\u00f3 El acceso a esta p\u00e1gina web no implica autorizaci\u00f3n para su utilizaci\u00f3n, pudi\u00e9ndose derivar de dicho uso no autorizado las correspondientes responsabilidades civiles y\/o penales. <\/p>\n\n<p>Las eventuales referencias que se hagan en esta p\u00e1gina web a cualquier producto, servicio, proceso, enlace, hipertexto o cualquier informaci\u00f3n utilizando la marca, el nombre comercial o el fabricante o suministrador, etc. que sean titularidad de terceros no constituye o implica respaldo, patrocinio o recomendaci\u00f3n por parte de Cl\u00ednica Dental CS. Matar\u00f3 <\/p>\n\n<p>Con car\u00e1cter general, las relaciones con nuestros clientes, que se deriven de la prestaci\u00f3n de los servicios contenidos en nuestra web, est\u00e1n sometidas a la legislaci\u00f3n y la jurisdicci\u00f3n espa\u00f1ola.<\/p>\n\n<h2 class=\"wp-block-heading\">Protecci\u00f3n de datos de car\u00e1cter general<\/h2>\n\n<p>Puede consultar nuestra pol\u00edtica de privacidad en la secci\u00f3n Pol\u00edtica de privacidad destinada a tal fin.<\/p>\n","protected":false},"excerpt":{"rendered":"<p>La presente p\u00e1gina web pertenece a Cl\u00ednica Dental CS. Matar\u00f3 con NIF\/CIF B64895626 y domicilio en Cami Ral, 157, 08301 Matar\u00f3, provincia de Barcelona en Espa\u00f1a, con correo electr\u00f3nico: info@clinicadentalcs.com y tiene por objeto facilitar al p\u00fablico en general, las actividades que realiza, los servicios que presta y las caracter\u00edsticas de sus productos. Cl\u00ednica Dental CS. Matar\u00f3 se reserva la facultad de efectuar, en cualquier momento y sin previo aviso, modificaciones de la informaci\u00f3n contenida en su p\u00e1gina web o en la configuraci\u00f3n y presentaci\u00f3n de esta. Cl\u00ednica Dental CS. Matar\u00f3 no es responsable de consecuencia alguna, da\u00f1o o perjuicio que se deriven del acceso a esta p\u00e1gina web, uso de la informaci\u00f3n de la misma o por el acceso a otras materias en Internet a trav\u00e9s de las conexiones con \u00e9sta. Los derechos de propiedad intelectual sobre todos los elementos incluidos en esta p\u00e1gina web, tales como, y a t\u00edtulo no limitativo, fotograf\u00edas, dise\u00f1os, melod\u00edas, aplicaciones y otros, pertenecen en exclusiva a Cl\u00ednica Dental CS. Matar\u00f3 El acceso a esta p\u00e1gina web no implica autorizaci\u00f3n para su utilizaci\u00f3n, pudi\u00e9ndose derivar de dicho uso no autorizado las correspondientes responsabilidades civiles y\/o penales. Las eventuales referencias que se hagan en esta p\u00e1gina web a cualquier producto, servicio, proceso, enlace, hipertexto o cualquier informaci\u00f3n utilizando la marca, el nombre comercial o el fabricante o suministrador, etc. que sean titularidad de terceros no constituye o implica respaldo, patrocinio o recomendaci\u00f3n por parte de Cl\u00ednica Dental CS. Matar\u00f3 Con car\u00e1cter general, las relaciones con nuestros clientes, que se deriven de la prestaci\u00f3n de los servicios contenidos en nuestra web, est\u00e1n sometidas a la legislaci\u00f3n y la jurisdicci\u00f3n espa\u00f1ola. Protecci\u00f3n de datos de car\u00e1cter general Puede consultar nuestra pol\u00edtica de privacidad en la secci\u00f3n Pol\u00edtica de privacidad destinada a tal fin.<\/p>\n","protected":false},"author":1,"featured_media":0,"parent":0,"menu_order":0,"comment_status":"closed","ping_status":"closed","template":"","meta":{"_joinchat":[],"footnotes":""},"class_list":["post-1600","page","type-page","status-publish","hentry"],"yoast_head":"<!-- This site is optimized with the Yoast SEO plugin v27.3 - https:\/\/yoast.com\/product\/yoast-seo-wordpress\/ -->\n<title>Aviso Legal - Clinica Dental CS - Matar\u00f3<\/title>\n<meta name=\"robots\" content=\"index, follow, max-snippet:-1, max-image-preview:large, max-video-preview:-1\" \/>\n<link rel=\"canonical\" href=\"https:\/\/clinicadentalcs.com\/es\/aviso-legal\/\" \/>\n<meta property=\"og:locale\" content=\"es_ES\" \/>\n<meta property=\"og:type\" content=\"article\" \/>\n<meta property=\"og:title\" content=\"Aviso Legal - Clinica Dental CS - Matar\u00f3\" \/>\n<meta property=\"og:description\" content=\"La presente p\u00e1gina web pertenece a Cl\u00ednica Dental CS. Matar\u00f3 con NIF\/CIF B64895626 y domicilio en Cami Ral, 157, 08301 Matar\u00f3, provincia de Barcelona en Espa\u00f1a, con correo electr\u00f3nico: info@clinicadentalcs.com y tiene por objeto facilitar al p\u00fablico en general, las actividades que realiza, los servicios que presta y las caracter\u00edsticas de sus productos. Cl\u00ednica Dental CS. Matar\u00f3 se reserva la facultad de efectuar, en cualquier momento y sin previo aviso, modificaciones de la informaci\u00f3n contenida en su p\u00e1gina web o en la configuraci\u00f3n y presentaci\u00f3n de esta. Cl\u00ednica Dental CS. Matar\u00f3 no es responsable de consecuencia alguna, da\u00f1o o perjuicio que se deriven del acceso a esta p\u00e1gina web, uso de la informaci\u00f3n de la misma o por el acceso a otras materias en Internet a trav\u00e9s de las conexiones con \u00e9sta. Los derechos de propiedad intelectual sobre todos los elementos incluidos en esta p\u00e1gina web, tales como, y a t\u00edtulo no limitativo, fotograf\u00edas, dise\u00f1os, melod\u00edas, aplicaciones y otros, pertenecen en exclusiva a Cl\u00ednica Dental CS. Matar\u00f3 El acceso a esta p\u00e1gina web no implica autorizaci\u00f3n para su utilizaci\u00f3n, pudi\u00e9ndose derivar de dicho uso no autorizado las correspondientes responsabilidades civiles y\/o penales. Las eventuales referencias que se hagan en esta p\u00e1gina web a cualquier producto, servicio, proceso, enlace, hipertexto o cualquier informaci\u00f3n utilizando la marca, el nombre comercial o el fabricante o suministrador, etc. que sean titularidad de terceros no constituye o implica respaldo, patrocinio o recomendaci\u00f3n por parte de Cl\u00ednica Dental CS. Matar\u00f3 Con car\u00e1cter general, las relaciones con nuestros clientes, que se deriven de la prestaci\u00f3n de los servicios contenidos en nuestra web, est\u00e1n sometidas a la legislaci\u00f3n y la jurisdicci\u00f3n espa\u00f1ola. Protecci\u00f3n de datos de car\u00e1cter general Puede consultar nuestra pol\u00edtica de privacidad en la secci\u00f3n Pol\u00edtica de privacidad destinada a tal fin.\" \/>\n<meta property=\"og:url\" content=\"https:\/\/clinicadentalcs.com\/es\/aviso-legal\/\" \/>\n<meta property=\"og:site_name\" content=\"Clinica Dental CS - Matar\u00f3\" \/>\n<meta property=\"article:modified_time\" content=\"2025-12-02T11:10:51+00:00\" \/>\n<meta name=\"twitter:card\" content=\"summary_large_image\" \/>\n<meta name=\"twitter:label1\" content=\"Tiempo de lectura\" \/>\n\t<meta name=\"twitter:data1\" content=\"2 minutos\" \/>\n<script type=\"application\/ld+json\" class=\"yoast-schema-graph\">{\"@context\":\"https:\\\/\\\/schema.org\",\"@graph\":[{\"@type\":\"WebPage\",\"@id\":\"https:\\\/\\\/clinicadentalcs.com\\\/es\\\/aviso-legal\\\/\",\"url\":\"https:\\\/\\\/clinicadentalcs.com\\\/es\\\/aviso-legal\\\/\",\"name\":\"Aviso Legal - Clinica Dental CS - Matar\u00f3\",\"isPartOf\":{\"@id\":\"https:\\\/\\\/clinicadentalcs.com\\\/#website\"},\"datePublished\":\"2025-05-19T13:55:51+00:00\",\"dateModified\":\"2025-12-02T11:10:51+00:00\",\"breadcrumb\":{\"@id\":\"https:\\\/\\\/clinicadentalcs.com\\\/es\\\/aviso-legal\\\/#breadcrumb\"},\"inLanguage\":\"es\",\"potentialAction\":[{\"@type\":\"ReadAction\",\"target\":[\"https:\\\/\\\/clinicadentalcs.com\\\/es\\\/aviso-legal\\\/\"]}]},{\"@type\":\"BreadcrumbList\",\"@id\":\"https:\\\/\\\/clinicadentalcs.com\\\/es\\\/aviso-legal\\\/#breadcrumb\",\"itemListElement\":[{\"@type\":\"ListItem\",\"position\":1,\"name\":\"Portada\",\"item\":\"https:\\\/\\\/clinicadentalcs.com\\\/es\\\/\"},{\"@type\":\"ListItem\",\"position\":2,\"name\":\"Aviso Legal\"}]},{\"@type\":\"WebSite\",\"@id\":\"https:\\\/\\\/clinicadentalcs.com\\\/#website\",\"url\":\"https:\\\/\\\/clinicadentalcs.com\\\/\",\"name\":\"Clinica Dental CS - Matar\u00f3\",\"description\":\"Compromesos amb el teu somriure\",\"potentialAction\":[{\"@type\":\"SearchAction\",\"target\":{\"@type\":\"EntryPoint\",\"urlTemplate\":\"https:\\\/\\\/clinicadentalcs.com\\\/?s={search_term_string}\"},\"query-input\":{\"@type\":\"PropertyValueSpecification\",\"valueRequired\":true,\"valueName\":\"search_term_string\"}}],\"inLanguage\":\"es\"}]}<\/script>\n<!-- \/ Yoast SEO plugin. -->","yoast_head_json":{"title":"Aviso Legal - Clinica Dental CS - Matar\u00f3","robots":{"index":"index","follow":"follow","max-snippet":"max-snippet:-1","max-image-preview":"max-image-preview:large","max-video-preview":"max-video-preview:-1"},"canonical":"https:\/\/clinicadentalcs.com\/es\/aviso-legal\/","og_locale":"es_ES","og_type":"article","og_title":"Aviso Legal - Clinica Dental CS - Matar\u00f3","og_description":"La presente p\u00e1gina web pertenece a Cl\u00ednica Dental CS. Matar\u00f3 con NIF\/CIF B64895626 y domicilio en Cami Ral, 157, 08301 Matar\u00f3, provincia de Barcelona en Espa\u00f1a, con correo electr\u00f3nico: info@clinicadentalcs.com y tiene por objeto facilitar al p\u00fablico en general, las actividades que realiza, los servicios que presta y las caracter\u00edsticas de sus productos. Cl\u00ednica Dental CS. Matar\u00f3 se reserva la facultad de efectuar, en cualquier momento y sin previo aviso, modificaciones de la informaci\u00f3n contenida en su p\u00e1gina web o en la configuraci\u00f3n y presentaci\u00f3n de esta. Cl\u00ednica Dental CS. Matar\u00f3 no es responsable de consecuencia alguna, da\u00f1o o perjuicio que se deriven del acceso a esta p\u00e1gina web, uso de la informaci\u00f3n de la misma o por el acceso a otras materias en Internet a trav\u00e9s de las conexiones con \u00e9sta. Los derechos de propiedad intelectual sobre todos los elementos incluidos en esta p\u00e1gina web, tales como, y a t\u00edtulo no limitativo, fotograf\u00edas, dise\u00f1os, melod\u00edas, aplicaciones y otros, pertenecen en exclusiva a Cl\u00ednica Dental CS. Matar\u00f3 El acceso a esta p\u00e1gina web no implica autorizaci\u00f3n para su utilizaci\u00f3n, pudi\u00e9ndose derivar de dicho uso no autorizado las correspondientes responsabilidades civiles y\/o penales. Las eventuales referencias que se hagan en esta p\u00e1gina web a cualquier producto, servicio, proceso, enlace, hipertexto o cualquier informaci\u00f3n utilizando la marca, el nombre comercial o el fabricante o suministrador, etc. que sean titularidad de terceros no constituye o implica respaldo, patrocinio o recomendaci\u00f3n por parte de Cl\u00ednica Dental CS. Matar\u00f3 Con car\u00e1cter general, las relaciones con nuestros clientes, que se deriven de la prestaci\u00f3n de los servicios contenidos en nuestra web, est\u00e1n sometidas a la legislaci\u00f3n y la jurisdicci\u00f3n espa\u00f1ola. Protecci\u00f3n de datos de car\u00e1cter general Puede consultar nuestra pol\u00edtica de privacidad en la secci\u00f3n Pol\u00edtica de privacidad destinada a tal fin.","og_url":"https:\/\/clinicadentalcs.com\/es\/aviso-legal\/","og_site_name":"Clinica Dental CS - Matar\u00f3","article_modified_time":"2025-12-02T11:10:51+00:00","twitter_card":"summary_large_image","twitter_misc":{"Tiempo de lectura":"2 minutos"},"schema":{"@context":"https:\/\/schema.org","@graph":[{"@type":"WebPage","@id":"https:\/\/clinicadentalcs.com\/es\/aviso-legal\/","url":"https:\/\/clinicadentalcs.com\/es\/aviso-legal\/","name":"Aviso Legal - Clinica Dental CS - Matar\u00f3","isPartOf":{"@id":"https:\/\/clinicadentalcs.com\/#website"},"datePublished":"2025-05-19T13:55:51+00:00","dateModified":"2025-12-02T11:10:51+00:00","breadcrumb":{"@id":"https:\/\/clinicadentalcs.com\/es\/aviso-legal\/#breadcrumb"},"inLanguage":"es","potentialAction":[{"@type":"ReadAction","target":["https:\/\/clinicadentalcs.com\/es\/aviso-legal\/"]}]},{"@type":"BreadcrumbList","@id":"https:\/\/clinicadentalcs.com\/es\/aviso-legal\/#breadcrumb","itemListElement":[{"@type":"ListItem","position":1,"name":"Portada","item":"https:\/\/clinicadentalcs.com\/es\/"},{"@type":"ListItem","position":2,"name":"Aviso Legal"}]},{"@type":"WebSite","@id":"https:\/\/clinicadentalcs.com\/#website","url":"https:\/\/clinicadentalcs.com\/","name":"Clinica Dental CS - Matar\u00f3","description":"Compromesos amb el teu somriure","potentialAction":[{"@type":"SearchAction","target":{"@type":"EntryPoint","urlTemplate":"https:\/\/clinicadentalcs.com\/?s={search_term_string}"},"query-input":{"@type":"PropertyValueSpecification","valueRequired":true,"valueName":"search_term_string"}}],"inLanguage":"es"}]}},"_links":{"self":[{"href":"https:\/\/clinicadentalcs.com\/es\/wp-json\/wp\/v2\/pages\/1600","targetHints":{"allow":["GET"]}}],"collection":[{"href":"https:\/\/clinicadentalcs.com\/es\/wp-json\/wp\/v2\/pages"}],"about":[{"href":"https:\/\/clinicadentalcs.com\/es\/wp-json\/wp\/v2\/types\/page"}],"author":[{"embeddable":true,"href":"https:\/\/clinicadentalcs.com\/es\/wp-json\/wp\/v2\/users\/1"}],"replies":[{"embeddable":true,"href":"https:\/\/clinicadentalcs.com\/es\/wp-json\/wp\/v2\/comments?post=1600"}],"version-history":[{"count":1,"href":"https:\/\/clinicadentalcs.com\/es\/wp-json\/wp\/v2\/pages\/1600\/revisions"}],"predecessor-version":[{"id":1601,"href":"https:\/\/clinicadentalcs.com\/es\/wp-json\/wp\/v2\/pages\/1600\/revisions\/1601"}],"wp:attachment":[{"href":"https:\/\/clinicadentalcs.com\/es\/wp-json\/wp\/v2\/media?parent=1600"}],"curies":[{"name":"wp","href":"https:\/\/api.w.org\/{rel}","templated":true}]}}